{"id":278318,"date":"2024-11-03T13:18:15","date_gmt":"2024-11-03T13:18:15","guid":{"rendered":"https:\/\/demo.halkweb.com.tr\/?page_id=278318"},"modified":"2024-11-03T13:19:02","modified_gmt":"2024-11-03T13:19:02","slug":"cookie-policy","status":"publish","type":"page","link":"https:\/\/halkweb.com.tr\/en\/cookie-policy\/","title":{"rendered":"Cookie Policy"},"content":{"rendered":"<div id=\"tdi_1\" class=\"tdc-zone\"><div class=\"tdc_zone tdi_2  wpb_row td-pb-row\"  >\n<style scoped>\n\/* custom css - generated by TagDiv Composer *\/\n\n\/* custom css - generated by TagDiv Composer *\/\n.tdi_2{\r\n                    min-height: 0;\r\n                }\n<\/style><div id=\"tdi_3\" class=\"tdc-row stretch_row_1200 td-stretch-content\"><div class=\"vc_row tdi_4  wpb_row td-pb-row\" >\n<style scoped>\n\/* custom css - generated by TagDiv Composer *\/\n\n\/* custom css - generated by TagDiv Composer *\/\n.tdi_4,\r\n                .tdi_4 .tdc-columns{\r\n                    min-height: 0;\r\n                }.tdi_4,\r\n\t\t\t\t.tdi_4 .tdc-columns{\r\n\t\t\t\t    display: block;\r\n\t\t\t\t}.tdi_4 .tdc-columns{\r\n\t\t\t\t    width: 100%;\r\n\t\t\t\t}.tdi_4:before,\r\n\t\t\t\t.tdi_4:after{\r\n\t\t\t\t    display: table;\r\n\t\t\t\t}\n\/* inline tdc_css att - generated by TagDiv Composer *\/\n\n.tdi_4{\nmargin-top:20px !important;\n}\n\n.tdi_4 .td_block_wrap{ text-align:left }\n\n<\/style><div class=\"vc_column tdi_6  wpb_column vc_column_container tdc-column td-pb-span12\">\n<style scoped>\n\/* custom css - generated by TagDiv Composer *\/\n\n\/* custom css - generated by TagDiv Composer *\/\n.tdi_6{\r\n                    vertical-align: baseline;\r\n                }.tdi_6 > .wpb_wrapper,\r\n\t\t\t\t.tdi_6 > .wpb_wrapper > .tdc-elements{\r\n\t\t\t\t    display: block;\r\n\t\t\t\t}.tdi_6 > .wpb_wrapper > .tdc-elements{\r\n\t\t\t\t    width: 100%;\r\n\t\t\t\t}.tdi_6 > .wpb_wrapper > .vc_row_inner{\r\n\t\t\t\t    width: auto;\r\n\t\t\t\t}.tdi_6 > .wpb_wrapper{\r\n\t\t\t\t    width: auto;\r\n\t\t\t\t    height: auto;\r\n\t\t\t\t}\n<\/style><div class=\"wpb_wrapper\" ><div class=\"td_block_wrap tdb_breadcrumbs tdi_7 td-pb-border-top td_block_template_1 tdb-breadcrumbs \"  data-td-block-uid=\"tdi_7\" >\n<style>\n\/* custom css - generated by TagDiv Composer *\/\n.tdb-breadcrumbs{\r\n                  margin-bottom: 11px;\r\n                  font-family: var(--td_default_google_font_1, 'Open Sans', 'Open Sans Regular', sans-serif);\r\n                  font-size: 12px;\r\n                  color: #747474;\r\n                  line-height: 18px;\r\n                }.tdb-breadcrumbs a{\r\n                  color: #747474;\r\n                }.tdb-breadcrumbs a:hover{\r\n                  color: #000;\r\n                }.tdb-breadcrumbs .tdb-bread-sep{\r\n                  line-height: 1;\r\n                  vertical-align: middle;\r\n                }.tdb-breadcrumbs .tdb-bread-sep-svg svg{\r\n                  height: auto;\r\n                }.tdb-breadcrumbs .tdb-bread-sep-svg svg,\r\n                .tdb-breadcrumbs .tdb-bread-sep-svg svg *{\r\n                  fill: #c3c3c3;\r\n                }.single-tdb_templates.author-template .tdb_breadcrumbs{\r\n                  margin-bottom: 2px;\r\n                }.tdb_category_breadcrumbs{\r\n                  margin: 21px 0 9px;\r\n                }.search-results .tdb_breadcrumbs{\r\n                  margin-bottom: 2px;\r\n                }.tdi_7 .tdb-bread-sep{\r\n                    font-size: 8px;\r\n                \r\n                    margin: 0 5px;\r\n                }.td-theme-wrap .tdi_7{\r\n\t\t\t\t\ttext-align: left;\r\n\t\t\t\t}\n<\/style><div class=\"tdb-block-inner td-fix-index\"><span><a title=\"\" class=\"tdb-entry-crumb\" href=\"\/\">HALKWEB<\/a><\/span><i class=\"tdb-bread-sep tdb-bred-no-url-last td-icon-right\"><\/i><span class=\"tdb-bred-no-url-last\">Sample Page<\/span><\/div><\/div><script type=\"application\/ld+json\">\r\n                        {\r\n                            \"@context\": \"https:\/\/schema.org\",\r\n                            \"@type\": \"BreadcrumbList\",\r\n                            \"itemListElement\": [{\r\n                            \"@type\": \"ListItem\",\r\n                            \"position\": 1,\r\n                                \"item\": {\r\n                                \"@type\": \"WebSite\",\r\n                                \"@id\": \"https:\/\/halkweb.com.tr\/en\/\",\r\n                                \"name\": \"Home\"                                               \r\n                            }\r\n                        },{\r\n                            \"@type\": \"ListItem\",\r\n                            \"position\": 2,\r\n                                \"item\": {\r\n                                \"@type\": \"WebPage\",\r\n                                \"@id\": \"\",\r\n                                \"name\": \"Sample Page\"\r\n                            }\r\n                        }    ]\r\n                        }\r\n                       <\/script><\/div><\/div><\/div><\/div><div id=\"tdi_8\" class=\"tdc-row stretch_row\"><div class=\"vc_row tdi_9  wpb_row td-pb-row\" >\n<style scoped>\n\/* custom css - generated by TagDiv Composer *\/\n\n\/* custom css - generated by TagDiv Composer *\/\n.tdi_9,\r\n                .tdi_9 .tdc-columns{\r\n                    min-height: 0;\r\n                }.tdi_9,\r\n\t\t\t\t.tdi_9 .tdc-columns{\r\n\t\t\t\t    display: block;\r\n\t\t\t\t}.tdi_9 .tdc-columns{\r\n\t\t\t\t    width: 100%;\r\n\t\t\t\t}.tdi_9:before,\r\n\t\t\t\t.tdi_9:after{\r\n\t\t\t\t    display: table;\r\n\t\t\t\t}\n\/* inline tdc_css att - generated by TagDiv Composer *\/\n\n.tdi_9{\nmargin-top:30px !important;\nmargin-right:20px !important;\nmargin-bottom:100px !important;\nmargin-left:20px !important;\n}\n\n.tdi_9 .td_block_wrap{ text-align:left }\n\n<\/style><div class=\"vc_column tdi_11  wpb_column vc_column_container tdc-column td-pb-span12\">\n<style scoped>\n\/* custom css - generated by TagDiv Composer *\/\n\n\/* custom css - generated by TagDiv Composer *\/\n.tdi_11{\r\n                    vertical-align: baseline;\r\n                }.tdi_11 > .wpb_wrapper,\r\n\t\t\t\t.tdi_11 > .wpb_wrapper > .tdc-elements{\r\n\t\t\t\t    display: block;\r\n\t\t\t\t}.tdi_11 > .wpb_wrapper > .tdc-elements{\r\n\t\t\t\t    width: 100%;\r\n\t\t\t\t}.tdi_11 > .wpb_wrapper > .vc_row_inner{\r\n\t\t\t\t    width: auto;\r\n\t\t\t\t}.tdi_11 > .wpb_wrapper{\r\n\t\t\t\t    width: auto;\r\n\t\t\t\t    height: auto;\r\n\t\t\t\t}\n<\/style><div class=\"wpb_wrapper\" ><div class=\"td_block_wrap tdb_title tdi_12 tdb-page-title td-pb-border-top td_block_template_1\"  data-td-block-uid=\"tdi_12\" >\n<style>\n\n\/* inline tdc_css att - generated by TagDiv Composer *\/\n\n.tdi_12{\npadding-bottom:10px !important;\nborder-color:#c4c4c4 !important;\nborder-style:solid !important;\nborder-width: 0px 0px 1px 0px !important;\n}\n\n<\/style>\n<style>\n\/* custom css - generated by TagDiv Composer *\/\n.tdb_title{\r\n                  margin-bottom: 19px;\r\n                }.tdb_title.tdb-content-horiz-center{\r\n                  text-align: center;\r\n                }.tdb_title.tdb-content-horiz-center .tdb-title-line{\r\n                  margin: 0 auto;\r\n                }.tdb_title.tdb-content-horiz-right{\r\n                  text-align: right;\r\n                }.tdb_title.tdb-content-horiz-right .tdb-title-line{\r\n                  margin-left: auto;\r\n                  margin-right: 0;\r\n                }.tdb-title-text{\r\n                  display: inline-block;\r\n                  position: relative;\r\n                  margin: 0;\r\n                  word-wrap: break-word;\r\n                  font-size: 30px;\r\n                  line-height: 38px;\r\n                  font-weight: 700;\r\n                }.tdb-first-letter{\r\n                  position: absolute;\r\n                  -webkit-user-select: none;\r\n                  user-select: none;\r\n                  pointer-events: none;\r\n                  text-transform: uppercase;\r\n                  color: rgba(0, 0, 0, 0.08);\r\n                  font-size: 6em;\r\n                  font-weight: 300;\r\n                  top: 50%;\r\n                  -webkit-transform: translateY(-50%);\r\n                  transform: translateY(-50%);\r\n                  left: -0.36em;\r\n                  z-index: -1;\r\n                  -webkit-text-fill-color: initial;\r\n                }.tdb-title-line{\r\n                  display: none;\r\n                  position: relative;\r\n                }.tdb-title-line:after{\r\n                  content: '';\r\n                  width: 100%;\r\n                  position: absolute;\r\n                  background-color: var(--td_theme_color, #4db2ec);\r\n                  top: 0;\r\n                  left: 0;\r\n                  margin: auto;\r\n                }.tdi_12 .tdb-title-line:after{\r\n\t\t\t\t\theight: 2px;\r\n\t\t\t\t\r\n\t\t\t\t\tbottom: 40%;\r\n\t\t\t\t}.tdi_12 .tdb-title-line{\r\n\t\t\t\t\theight: 50px;\r\n\t\t\t\t}.td-theme-wrap .tdi_12{\r\n\t\t\t\t\ttext-align: left;\r\n\t\t\t\t}.tdi_12 .tdb-first-letter{\r\n\t\t\t\t\tleft: -0.36em;\r\n\t\t\t\t\tright: auto;\r\n\t\t\t\t}\n<\/style><div class=\"tdb-block-inner td-fix-index\"><h1 class=\"tdb-title-text\">Sample Page Title<\/h1><div><\/div><div class=\"tdb-title-line\"><\/div><\/div><\/div><div class=\"wpb_wrapper wpb_text_column td_block_wrap td_block_wrap vc_column_text tdi_13  tagdiv-type td-pb-border-top td_block_template_1\"  data-td-block-uid=\"tdi_13\" >\n<style>\n\n\/* inline tdc_css att - generated by TagDiv Composer *\/\n\n.tdi_13{\nmargin-top:50px !important;\n}\n\n<\/style>\n<style>\n\/* custom css - generated by TagDiv Composer *\/\n.vc_column_text > .td-element-style{\r\n\t\t\t\t\tz-index: -1;\r\n\t\t\t\t}.tdi_13 a{\r\n\t\t\t        color: #e30613;\r\n\t\t        }.tdi_13 a:hover{\r\n\t\t\t        color: var(--doc-custom-color-1);\r\n\t\t        }\n<\/style><div class=\"td-fix-index\"><p><strong>\u00c7erez Nedir?<\/strong><\/p>\n<p>\u00c7erezler, yayg\u0131n olarak bilinen ad\u0131yla &#8220;cookie&#8221;, mobil ve masa\u00fcst\u00fc cihazlar\u0131n\u0131zla <strong>Halkweb.com.tr<\/strong> gibi siteleri ziyaret etti\u011finizde bilgisayar\u0131n\u0131za veya mobil cihaz\u0131n\u0131za (ak\u0131ll\u0131 telefon, tablet gibi) kaydedilen k\u00fc\u00e7\u00fck metin dosyalar\u0131 veya bilgilerdir. \u00c7erezler, genellikle ziyaret edilen internet sitesinin ad\u0131, kullan\u0131m s\u00fcresi ve rastgele \u00fcretilen bir dizi karakter i\u00e7erir.<\/p>\n<p><strong>Neden \u00c7erez Kullan\u0131yoruz?<\/strong><\/p>\n<p>\u00c7erezler, sitemizin daha kullan\u0131\u015fl\u0131 hale gelmesine, ilgi alanlar\u0131n\u0131za ve ihtiya\u00e7lar\u0131n\u0131za g\u00f6re ki\u015fiselle\u015ftirilmesine olanak tan\u0131r. Ayn\u0131 zamanda, \u00e7erezler sayesinde kullan\u0131c\u0131lar\u0131m\u0131za daha ak\u0131ll\u0131 reklamlar g\u00f6sterebiliriz. \u00c7erezler, sitelerin kullan\u0131c\u0131lar\u0131 tan\u0131mas\u0131n\u0131 sa\u011flar ve bu sayede sizin i\u00e7in daha \u00f6zelle\u015ftirilmi\u015f bir deneyim sunar (\u00f6rne\u011fin, tercihlerinizi hat\u0131rlayarak).<\/p>\n<p>\u00c7erezler ayr\u0131ca sitede gelecekte yapaca\u011f\u0131n\u0131z i\u015flemlerin daha h\u0131zl\u0131 ger\u00e7ekle\u015fmesine yard\u0131mc\u0131 olur. Bunun yan\u0131 s\u0131ra, ziyaret\u00e7ilerin sitemizi nas\u0131l kulland\u0131\u011f\u0131n\u0131 analiz ederek sitemizin tasar\u0131m\u0131 ve kullan\u0131labilirli\u011fini geli\u015ftirmek amac\u0131yla \u00e7erezlerden istatistiksel veriler de elde edebiliriz.<\/p>\n<p><strong>Halkweb.com.tr\u2019de Kullan\u0131lan \u00c7erezler<\/strong><\/p>\n<p><strong>Halkweb.com.tr<\/strong> \u00e7erezleri, web sitesi, mobil uygulama ve\/veya mobil site deneyiminizi ki\u015fiselle\u015ftirmek i\u00e7in kullan\u0131lmaktad\u0131r. Bu kullan\u0131m, \u015funlar\u0131 i\u00e7erir:<\/p>\n<ol>\n<li>Parolan\u0131z\u0131 kaydederek oturumunuzu a\u00e7\u0131k tutan, b\u00f6ylece her seferinde parola girmenize gerek kalmadan siteye eri\u015fim sa\u011flayan \u00e7erezler ve<\/li>\n<li>Siteye veya uygulamaya daha sonraki ziyaretlerde sizi tan\u0131yan \u00e7erezler.<\/li>\n<\/ol>\n<p>Ayr\u0131ca, kullan\u0131c\u0131lar\u0131n siteye nereden ve hangi cihazlarla ba\u011fland\u0131\u011f\u0131n\u0131, sitede hangi i\u00e7eriklere eri\u015fti\u011fini ve ne kadar s\u00fcre ge\u00e7irdi\u011fini analiz ederek kullan\u0131c\u0131 davran\u0131\u015flar\u0131n\u0131 anlamak i\u00e7in de \u00e7erezler kullan\u0131lmaktad\u0131r.<\/p>\n<p>\u00c7erezler, ilgi alan\u0131n\u0131za g\u00f6re i\u00e7erik ve reklam g\u00f6sterilmesi amac\u0131yla, yani hedeflenmi\u015f reklam ve tan\u0131t\u0131m sa\u011flamak i\u00e7in de kullan\u0131labilir.<\/p>\n<p><strong>Hangi T\u00fcr \u00c7erezler Kullan\u0131lmaktad\u0131r?<\/strong><\/p>\n<p>Sitemizde oturum \u00e7erezleri (session cookies) ve kal\u0131c\u0131 \u00e7erezler (persistent cookies) olmak \u00fczere iki t\u00fcr \u00e7erez bulunmaktad\u0131r. Oturum \u00e7erezleri ge\u00e7ici olup taray\u0131c\u0131n\u0131z\u0131 kapatt\u0131\u011f\u0131n\u0131zda silinir. Kal\u0131c\u0131 \u00e7erezler ise siz silene kadar veya s\u00fcreleri dolana kadar cihaz\u0131n\u0131zda kal\u0131r.<\/p>\n<p><strong>\u00dc\u00e7\u00fcnc\u00fc Parti \u00c7erezler<\/strong><\/p>\n<p>\u0130\u015f ortaklar\u0131m\u0131z, reklam sa\u011flay\u0131c\u0131lar\u0131, sosyal medya platformlar\u0131 ve analiz hizmeti sunan di\u011fer \u00fc\u00e7\u00fcnc\u00fc taraflar, sitelerimizi ziyaret etti\u011finizde cihaz\u0131n\u0131za \u00e7erez b\u0131rakabilir. Bu \u00e7erezlerle ilgili detaylar ve kontrol se\u00e7enekleri i\u00e7in bu \u00fc\u00e7\u00fcnc\u00fc taraflar\u0131n gizlilik ve \u00e7erez politikalar\u0131n\u0131 inceleyebilirsiniz.<\/p>\n<p><strong>Halkweb.com.tr<\/strong>, arama motorlar\u0131, kendi web sitesi ve mobil uygulamalar\u0131 ya da reklam verdi\u011fi siteler arac\u0131l\u0131\u011f\u0131yla ilginizi \u00e7ekebilecek reklamlar g\u00f6sterebilmek amac\u0131yla \u00e7erezleri kullanabilir. Bu reklamlar size \u00f6zel olarak haz\u0131rlanabilir ve taray\u0131c\u0131n\u0131za yerle\u015ftirilen benzersiz bir \u00fc\u00e7\u00fcnc\u00fc taraf \u00e7erezi sayesinde tan\u0131nabilirsiniz. <strong>Halkweb.com.tr<\/strong> ayn\u0131 zamanda Google Analytics kullanarak sitenin nas\u0131l kullan\u0131ld\u0131\u011f\u0131n\u0131 analiz eden raporlar olu\u015fturur. Google Analytics ile ilgili daha fazla bilgi ve \u00e7erezleri devre d\u0131\u015f\u0131 b\u0131rakma se\u00e7enekleri i\u00e7in <a href=\"http:\/\/www.google.com\/intl\/tr\/policies\/privacy\/#infocollect\" target=\"_new\" rel=\"noopener\">Google Gizlilik Politikas\u0131<\/a> sayfas\u0131n\u0131 ziyaret edebilirsiniz.<\/p>\n<p>Mobil uygulamalarda ise \u00e7erezler yerine ilgili uygulaman\u0131n SDK\u2019s\u0131 (Yaz\u0131l\u0131m Geli\u015ftirme Kiti) kullan\u0131lmaktad\u0131r.<\/p>\n<p><strong>\u00c7erezleri Nas\u0131l Y\u00f6netebilir veya Silebilirsiniz?<\/strong><\/p>\n<p>Pek \u00e7ok taray\u0131c\u0131, varsay\u0131lan olarak \u00e7erezleri kabul edecek \u015fekilde ayarlanm\u0131\u015ft\u0131r. Ancak bu ayarlar\u0131, \u00e7erezleri engelleyecek veya \u00e7erez g\u00f6nderildi\u011finde sizi uyaracak \u015fekilde de\u011fi\u015ftirebilirsiniz. \u00c7erezlerin y\u00f6netimi hakk\u0131nda ayr\u0131nt\u0131l\u0131 bilgi i\u00e7in taray\u0131c\u0131n\u0131z\u0131n talimat veya yard\u0131m sayfalar\u0131n\u0131 inceleyebilirsiniz.<\/p>\n<p>Taray\u0131c\u0131 t\u00fcr\u00fcn\u00fcze g\u00f6re \u00e7erez izinlerini ayarlamak i\u00e7in a\u015fa\u011f\u0131daki ad\u0131mlar\u0131 izleyebilirsiniz:<\/p>\n<ul>\n<li><strong>Google Chrome:<\/strong> Taray\u0131c\u0131n\u0131z\u0131n adres \u00e7ubu\u011funda yer alan kilit simgesi veya &#8220;i&#8221; ikonuna t\u0131klayarak &#8220;\u00c7erezler&#8221; sekmesinden izin ayarlar\u0131n\u0131 yapabilirsiniz.<\/li>\n<li><strong>\u0130nternet Explorer:<\/strong> Sa\u011f \u00fcst k\u00f6\u015fedeki &#8220;Ara\u00e7lar&#8221; veya &#8220;Tool&#8221; men\u00fcs\u00fcnden &#8220;G\u00fcvenlik&#8221; sekmesine giderek \u00e7erez izinlerinizi ayarlayabilirsiniz.<\/li>\n<li><strong>Mozilla Firefox:<\/strong> Sa\u011f \u00fcst k\u00f6\u015fedeki men\u00fc simgesine t\u0131klay\u0131n, &#8220;Se\u00e7enekler&#8221; b\u00f6l\u00fcm\u00fcnden &#8220;Gizlilik ve G\u00fcvenlik&#8221; ayarlar\u0131n\u0131 kullanarak \u00e7erez y\u00f6netimi yapabilirsiniz.<\/li>\n<li><strong>Safari:<\/strong> Telefonunuzun &#8220;Ayarlar&#8221; b\u00f6l\u00fcm\u00fcnden &#8220;Safari&#8221; se\u00e7ene\u011fine gidip &#8220;Gizlilik ve G\u00fcvenlik&#8221; ayarlar\u0131yla \u00e7erez y\u00f6netimi yapabilirsiniz.<\/li>\n<\/ul>\n<p>Kulland\u0131\u011f\u0131m\u0131z \u00e7erezleri devre d\u0131\u015f\u0131 b\u0131rak\u0131rsan\u0131z, bu durum <strong>Halkweb.com.tr<\/strong> sitesindeki kullan\u0131c\u0131 deneyiminizi olumsuz etkileyebilir; \u00f6rne\u011fin, sitenin baz\u0131 b\u00f6l\u00fcmlerine eri\u015fim sa\u011flayamayabilir veya size \u00f6zel olarak haz\u0131rlanm\u0131\u015f i\u00e7eriklere ula\u015famayabilirsiniz.<\/p>\n<p>Farkl\u0131 cihazlar kullanarak <strong>Halkweb.com.tr<\/strong> sitesini ziyaret ediyorsan\u0131z, her cihaz\u0131n taray\u0131c\u0131 ayarlar\u0131n\u0131n \u00e7erez tercihlerinize uygun oldu\u011fundan emin olmal\u0131s\u0131n\u0131z.<\/p>\n<\/div><\/div><\/div><\/div><\/div><\/div><\/div><\/div>","protected":false},"excerpt":{"rendered":"","protected":false},"author":1,"featured_media":0,"parent":0,"menu_order":0,"comment_status":"closed","ping_status":"closed","template":"","meta":{"footnotes":""},"class_list":["post-278318","page","type-page","status-publish"],"_links":{"self":[{"href":"https:\/\/halkweb.com.tr\/en\/wp-json\/wp\/v2\/pages\/278318","targetHints":{"allow":["GET"]}}],"collection":[{"href":"https:\/\/halkweb.com.tr\/en\/wp-json\/wp\/v2\/pages"}],"about":[{"href":"https:\/\/halkweb.com.tr\/en\/wp-json\/wp\/v2\/types\/page"}],"author":[{"embeddable":true,"href":"https:\/\/halkweb.com.tr\/en\/wp-json\/wp\/v2\/users\/1"}],"replies":[{"embeddable":true,"href":"https:\/\/halkweb.com.tr\/en\/wp-json\/wp\/v2\/comments?post=278318"}],"version-history":[{"count":0,"href":"https:\/\/halkweb.com.tr\/en\/wp-json\/wp\/v2\/pages\/278318\/revisions"}],"wp:attachment":[{"href":"https:\/\/halkweb.com.tr\/en\/wp-json\/wp\/v2\/media?parent=278318"}],"curies":[{"name":"wp","href":"https:\/\/api.w.org\/{rel}","templated":true}]}}