{"id":278324,"date":"2024-11-03T13:21:18","date_gmt":"2024-11-03T13:21:18","guid":{"rendered":"https:\/\/demo.halkweb.com.tr\/?page_id=278324"},"modified":"2024-11-03T13:21:47","modified_gmt":"2024-11-03T13:21:47","slug":"gizlilik-politikasi","status":"publish","type":"page","link":"https:\/\/halkweb.com.tr\/de\/gizlilik-politikasi\/","title":{"rendered":"Datenschutzbestimmungen"},"content":{"rendered":"<div id=\"tdi_1\" class=\"tdc-zone\"><div class=\"tdc_zone tdi_2  wpb_row td-pb-row\"  >\n<style scoped>\n\/* custom css - generated by TagDiv Composer *\/\n\n\/* custom css - generated by TagDiv Composer *\/\n.tdi_2{\r\n                    min-height: 0;\r\n                }\n<\/style><div id=\"tdi_3\" class=\"tdc-row stretch_row_1200 td-stretch-content\"><div class=\"vc_row tdi_4  wpb_row td-pb-row\" >\n<style scoped>\n\/* custom css - generated by TagDiv Composer *\/\n\n\/* custom css - generated by TagDiv Composer *\/\n.tdi_4,\r\n                .tdi_4 .tdc-columns{\r\n                    min-height: 0;\r\n                }.tdi_4,\r\n\t\t\t\t.tdi_4 .tdc-columns{\r\n\t\t\t\t    display: block;\r\n\t\t\t\t}.tdi_4 .tdc-columns{\r\n\t\t\t\t    width: 100%;\r\n\t\t\t\t}.tdi_4:before,\r\n\t\t\t\t.tdi_4:after{\r\n\t\t\t\t    display: table;\r\n\t\t\t\t}\n\/* inline tdc_css att - generated by TagDiv Composer *\/\n\n.tdi_4{\nmargin-top:20px !important;\n}\n\n.tdi_4 .td_block_wrap{ text-align:left }\n\n<\/style><div class=\"vc_column tdi_6  wpb_column vc_column_container tdc-column td-pb-span12\">\n<style scoped>\n\/* custom css - generated by TagDiv Composer *\/\n\n\/* custom css - generated by TagDiv Composer *\/\n.tdi_6{\r\n                    vertical-align: baseline;\r\n                }.tdi_6 > .wpb_wrapper,\r\n\t\t\t\t.tdi_6 > .wpb_wrapper > .tdc-elements{\r\n\t\t\t\t    display: block;\r\n\t\t\t\t}.tdi_6 > .wpb_wrapper > .tdc-elements{\r\n\t\t\t\t    width: 100%;\r\n\t\t\t\t}.tdi_6 > .wpb_wrapper > .vc_row_inner{\r\n\t\t\t\t    width: auto;\r\n\t\t\t\t}.tdi_6 > .wpb_wrapper{\r\n\t\t\t\t    width: auto;\r\n\t\t\t\t    height: auto;\r\n\t\t\t\t}\n<\/style><div class=\"wpb_wrapper\" ><div class=\"td_block_wrap tdb_breadcrumbs tdi_7 td-pb-border-top td_block_template_1 tdb-breadcrumbs \"  data-td-block-uid=\"tdi_7\" >\n<style>\n\/* custom css - generated by TagDiv Composer *\/\n.tdb-breadcrumbs{\r\n                  margin-bottom: 11px;\r\n                  font-family: var(--td_default_google_font_1, 'Open Sans', 'Open Sans Regular', sans-serif);\r\n                  font-size: 12px;\r\n                  color: #747474;\r\n                  line-height: 18px;\r\n                }.tdb-breadcrumbs a{\r\n                  color: #747474;\r\n                }.tdb-breadcrumbs a:hover{\r\n                  color: #000;\r\n                }.tdb-breadcrumbs .tdb-bread-sep{\r\n                  line-height: 1;\r\n                  vertical-align: middle;\r\n                }.tdb-breadcrumbs .tdb-bread-sep-svg svg{\r\n                  height: auto;\r\n                }.tdb-breadcrumbs .tdb-bread-sep-svg svg,\r\n                .tdb-breadcrumbs .tdb-bread-sep-svg svg *{\r\n                  fill: #c3c3c3;\r\n                }.single-tdb_templates.author-template .tdb_breadcrumbs{\r\n                  margin-bottom: 2px;\r\n                }.tdb_category_breadcrumbs{\r\n                  margin: 21px 0 9px;\r\n                }.search-results .tdb_breadcrumbs{\r\n                  margin-bottom: 2px;\r\n                }.tdi_7 .tdb-bread-sep{\r\n                    font-size: 8px;\r\n                \r\n                    margin: 0 5px;\r\n                }.td-theme-wrap .tdi_7{\r\n\t\t\t\t\ttext-align: left;\r\n\t\t\t\t}\n<\/style><div class=\"tdb-block-inner td-fix-index\"><span><a title=\"\" class=\"tdb-entry-crumb\" href=\"\/\">HALKWEB<\/a><\/span><i class=\"tdb-bread-sep tdb-bred-no-url-last td-icon-right\"><\/i><span class=\"tdb-bred-no-url-last\">Sample Page<\/span><\/div><\/div><script type=\"application\/ld+json\">\r\n                        {\r\n                            \"@context\": \"https:\/\/schema.org\",\r\n                            \"@type\": \"BreadcrumbList\",\r\n                            \"itemListElement\": [{\r\n                            \"@type\": \"ListItem\",\r\n                            \"position\": 1,\r\n                                \"item\": {\r\n                                \"@type\": \"WebSite\",\r\n                                \"@id\": \"https:\/\/halkweb.com.tr\/de\/\",\r\n                                \"name\": \"Start\"                                               \r\n                            }\r\n                        },{\r\n                            \"@type\": \"ListItem\",\r\n                            \"position\": 2,\r\n                                \"item\": {\r\n                                \"@type\": \"WebPage\",\r\n                                \"@id\": \"\",\r\n                                \"name\": \"Sample Page\"\r\n                            }\r\n                        }    ]\r\n                        }\r\n                       <\/script><\/div><\/div><\/div><\/div><div id=\"tdi_8\" class=\"tdc-row stretch_row\"><div class=\"vc_row tdi_9  wpb_row td-pb-row\" >\n<style scoped>\n\/* custom css - generated by TagDiv Composer *\/\n\n\/* custom css - generated by TagDiv Composer *\/\n.tdi_9,\r\n                .tdi_9 .tdc-columns{\r\n                    min-height: 0;\r\n                }.tdi_9,\r\n\t\t\t\t.tdi_9 .tdc-columns{\r\n\t\t\t\t    display: block;\r\n\t\t\t\t}.tdi_9 .tdc-columns{\r\n\t\t\t\t    width: 100%;\r\n\t\t\t\t}.tdi_9:before,\r\n\t\t\t\t.tdi_9:after{\r\n\t\t\t\t    display: table;\r\n\t\t\t\t}\n\/* inline tdc_css att - generated by TagDiv Composer *\/\n\n.tdi_9{\nmargin-top:30px !important;\nmargin-right:20px !important;\nmargin-bottom:100px !important;\nmargin-left:20px !important;\n}\n\n.tdi_9 .td_block_wrap{ text-align:left }\n\n<\/style><div class=\"vc_column tdi_11  wpb_column vc_column_container tdc-column td-pb-span12\">\n<style scoped>\n\/* custom css - generated by TagDiv Composer *\/\n\n\/* custom css - generated by TagDiv Composer *\/\n.tdi_11{\r\n                    vertical-align: baseline;\r\n                }.tdi_11 > .wpb_wrapper,\r\n\t\t\t\t.tdi_11 > .wpb_wrapper > .tdc-elements{\r\n\t\t\t\t    display: block;\r\n\t\t\t\t}.tdi_11 > .wpb_wrapper > .tdc-elements{\r\n\t\t\t\t    width: 100%;\r\n\t\t\t\t}.tdi_11 > .wpb_wrapper > .vc_row_inner{\r\n\t\t\t\t    width: auto;\r\n\t\t\t\t}.tdi_11 > .wpb_wrapper{\r\n\t\t\t\t    width: auto;\r\n\t\t\t\t    height: auto;\r\n\t\t\t\t}\n<\/style><div class=\"wpb_wrapper\" ><div class=\"td_block_wrap tdb_title tdi_12 tdb-page-title td-pb-border-top td_block_template_1\"  data-td-block-uid=\"tdi_12\" >\n<style>\n\n\/* inline tdc_css att - generated by TagDiv Composer *\/\n\n.tdi_12{\npadding-bottom:10px !important;\nborder-color:#c4c4c4 !important;\nborder-style:solid !important;\nborder-width: 0px 0px 1px 0px !important;\n}\n\n<\/style>\n<style>\n\/* custom css - generated by TagDiv Composer *\/\n.tdb_title{\r\n                  margin-bottom: 19px;\r\n                }.tdb_title.tdb-content-horiz-center{\r\n                  text-align: center;\r\n                }.tdb_title.tdb-content-horiz-center .tdb-title-line{\r\n                  margin: 0 auto;\r\n                }.tdb_title.tdb-content-horiz-right{\r\n                  text-align: right;\r\n                }.tdb_title.tdb-content-horiz-right .tdb-title-line{\r\n                  margin-left: auto;\r\n                  margin-right: 0;\r\n                }.tdb-title-text{\r\n                  display: inline-block;\r\n                  position: relative;\r\n                  margin: 0;\r\n                  word-wrap: break-word;\r\n                  font-size: 30px;\r\n                  line-height: 38px;\r\n                  font-weight: 700;\r\n                }.tdb-first-letter{\r\n                  position: absolute;\r\n                  -webkit-user-select: none;\r\n                  user-select: none;\r\n                  pointer-events: none;\r\n                  text-transform: uppercase;\r\n                  color: rgba(0, 0, 0, 0.08);\r\n                  font-size: 6em;\r\n                  font-weight: 300;\r\n                  top: 50%;\r\n                  -webkit-transform: translateY(-50%);\r\n                  transform: translateY(-50%);\r\n                  left: -0.36em;\r\n                  z-index: -1;\r\n                  -webkit-text-fill-color: initial;\r\n                }.tdb-title-line{\r\n                  display: none;\r\n                  position: relative;\r\n                }.tdb-title-line:after{\r\n                  content: '';\r\n                  width: 100%;\r\n                  position: absolute;\r\n                  background-color: var(--td_theme_color, #4db2ec);\r\n                  top: 0;\r\n                  left: 0;\r\n                  margin: auto;\r\n                }.tdi_12 .tdb-title-line:after{\r\n\t\t\t\t\theight: 2px;\r\n\t\t\t\t\r\n\t\t\t\t\tbottom: 40%;\r\n\t\t\t\t}.tdi_12 .tdb-title-line{\r\n\t\t\t\t\theight: 50px;\r\n\t\t\t\t}.td-theme-wrap .tdi_12{\r\n\t\t\t\t\ttext-align: left;\r\n\t\t\t\t}.tdi_12 .tdb-first-letter{\r\n\t\t\t\t\tleft: -0.36em;\r\n\t\t\t\t\tright: auto;\r\n\t\t\t\t}\n<\/style><div class=\"tdb-block-inner td-fix-index\"><h1 class=\"tdb-title-text\">Sample Page Title<\/h1><div><\/div><div class=\"tdb-title-line\"><\/div><\/div><\/div><div class=\"wpb_wrapper wpb_text_column td_block_wrap td_block_wrap vc_column_text tdi_13  tagdiv-type td-pb-border-top td_block_template_1\"  data-td-block-uid=\"tdi_13\" >\n<style>\n\n\/* inline tdc_css att - generated by TagDiv Composer *\/\n\n.tdi_13{\nmargin-top:50px !important;\n}\n\n<\/style>\n<style>\n\/* custom css - generated by TagDiv Composer *\/\n.vc_column_text > .td-element-style{\r\n\t\t\t\t\tz-index: -1;\r\n\t\t\t\t}.tdi_13 a{\r\n\t\t\t        color: #e30613;\r\n\t\t        }.tdi_13 a:hover{\r\n\t\t\t        color: var(--doc-custom-color-1);\r\n\t\t        }\n<\/style><div class=\"td-fix-index\"><p><strong>halkweb.com.tr<\/strong> sitesi, gizlili\u011finizi koruma konusunda b\u00fcy\u00fck \u00f6zen g\u00f6stermektedir. Gizlilik ilkeleri hakk\u0131nda daha fazla bilgi edinmek i\u00e7in l\u00fctfen a\u015fa\u011f\u0131daki a\u00e7\u0131klamalar\u0131 dikkatle okuyun.<\/p>\n<p><strong>Gizlilik \u0130lkeleri Neleri Kapsar?<\/strong><\/p>\n<p><strong>halkweb.com.tr<\/strong> internet sitesi, sitemize ait \u00fcr\u00fcn ve hizmetleri kullanan ziyaret\u00e7ilerimizin ki\u015fisel bilgilerini i\u00e7erir. Ki\u015fisel bilgiler; isim, soyisim, e-posta adresi, profil foto\u011fraf\u0131, sosyal medya hesap bilgileri gibi, ki\u015finin kimli\u011finin belirlenmesine olanak tan\u0131yan verilerdir. Bu bilgiler halka a\u00e7\u0131k de\u011fildir ve <strong>halkweb.com.tr<\/strong> sitesi taraf\u0131ndan y\u00f6netilmeyen veya kontrol alt\u0131nda tutulmayan herhangi bir platformda kullan\u0131lmaz ve payla\u015f\u0131lmaz.<\/p>\n<p><strong>Bilgi Toplama ve Kullan\u0131m\u0131<\/strong><\/p>\n<p><strong>halkweb.com.tr<\/strong> internet sitesi, \u00fcyelik i\u015flemlerinde veya sitedeki \u00fcr\u00fcn ve hizmetlerden yararlanmak istedi\u011finizde sizden baz\u0131 bilgiler toplar. <strong>halkweb.com.tr<\/strong>, toplad\u0131\u011f\u0131 bu bilgileri, yukar\u0131da belirtilen gizlilik ilkelerine ba\u011fl\u0131 olarak bir araya getirip saklayabilir.<\/p>\n<p>Siteye kay\u0131t oldu\u011funuzda ad\u0131n\u0131z, e-posta adresiniz gibi bilgiler istenir ve kullan\u0131c\u0131 ad\u0131 ve \u015fifrenizle giri\u015f yapt\u0131\u011f\u0131n\u0131zda, s\u0131radan bir ziyaret\u00e7iden farkl\u0131 olarak tan\u0131nan bir kullan\u0131c\u0131 haline gelirsiniz. Bu durumda <strong>halkweb.com.tr<\/strong>, sitedeki kullan\u0131m bilgilerinizi de kaydeder.<\/p>\n<p>Toplanan bu bilgiler, sundu\u011fumuz hizmetlerin iyile\u015ftirilmesi ve geli\u015ftirilmesi amac\u0131yla analiz edilip raporlanabilir.<\/p>\n<p><strong>Bilgi Payla\u015f\u0131m\u0131 ve \u0130f\u015fa<\/strong><\/p>\n<p><strong>halkweb.com.tr<\/strong>, siz a\u00e7\u0131k\u00e7a talep etmedik\u00e7e ki\u015fisel bilgilerinizi sitemizle do\u011frudan ba\u011fl\u0131 olmayan \u015firketler, \u00fcr\u00fcn veya hizmet sa\u011flay\u0131c\u0131lar\u0131 ya da \u00fc\u00e7\u00fcnc\u00fc \u015fah\u0131slarla payla\u015fmaz, kiralamaz veya satmaz.<\/p>\n<p><strong>halkweb.com.tr<\/strong>, ba\u015fka bir \u015firketle birle\u015fme veya devralma durumunda, gizlilik kapsam\u0131nda kullan\u0131c\u0131lar\u0131n bilgilerini aktarabilir. B\u00f6yle bir durumda, kullan\u0131c\u0131lar \u00f6nceden bilgilendirilir.<\/p>\n<p><strong>Gizlilik ve G\u00fcvenlik<\/strong><\/p>\n<p>Kullan\u0131c\u0131 bilgilerinin g\u00fcvenli\u011fi bizim i\u00e7in \u00f6nceliklidir. Bu nedenle, bu bilgilere eri\u015fim sitemiz \u00e7al\u0131\u015fanlar\u0131 aras\u0131nda da s\u0131n\u0131rland\u0131r\u0131lm\u0131\u015ft\u0131r. Kullan\u0131c\u0131 bilgilerine, yaln\u0131zca \u00fcr\u00fcn veya hizmetlerle ilgili oldu\u011fu durumlarda yetkili personel eri\u015febilir.<\/p>\n<\/div><\/div><\/div><\/div><\/div><\/div><\/div><\/div>","protected":false},"excerpt":{"rendered":"","protected":false},"author":1,"featured_media":0,"parent":0,"menu_order":0,"comment_status":"closed","ping_status":"closed","template":"","meta":{"footnotes":""},"class_list":["post-278324","page","type-page","status-publish"],"_links":{"self":[{"href":"https:\/\/halkweb.com.tr\/de\/wp-json\/wp\/v2\/pages\/278324","targetHints":{"allow":["GET"]}}],"collection":[{"href":"https:\/\/halkweb.com.tr\/de\/wp-json\/wp\/v2\/pages"}],"about":[{"href":"https:\/\/halkweb.com.tr\/de\/wp-json\/wp\/v2\/types\/page"}],"author":[{"embeddable":true,"href":"https:\/\/halkweb.com.tr\/de\/wp-json\/wp\/v2\/users\/1"}],"replies":[{"embeddable":true,"href":"https:\/\/halkweb.com.tr\/de\/wp-json\/wp\/v2\/comments?post=278324"}],"version-history":[{"count":0,"href":"https:\/\/halkweb.com.tr\/de\/wp-json\/wp\/v2\/pages\/278324\/revisions"}],"wp:attachment":[{"href":"https:\/\/halkweb.com.tr\/de\/wp-json\/wp\/v2\/media?parent=278324"}],"curies":[{"name":"wp","href":"https:\/\/api.w.org\/{rel}","templated":true}]}}